{"id":9,"date":"2025-03-22T13:54:51","date_gmt":"2025-03-22T13:54:51","guid":{"rendered":"http:\/\/skat-music.com\/?page_id=9"},"modified":"2025-03-22T13:54:51","modified_gmt":"2025-03-22T13:54:51","slug":"band","status":"publish","type":"page","link":"https:\/\/skat-music.com\/?page_id=9","title":{"rendered":"INFO"},"content":{"rendered":"\n<p>Um die Jahrtausendwende geh\u00f6rten Ska-T zu den bekanntesten und innovativsten Ska-Punk-Bands Deutschlands.&nbsp;<\/p>\n\n\n\n<p>Aus dem Harz ging es nach Leipzig, Berlin und Potsdam und in die Welt: Sie spielten zwischen 1997 und 2007 hunderte Konzerte, bereisten ein halbes Dutzend L\u00e4nder, brachten Tausende Tanzw\u00fctige ins Schwitzen, tr\u00e4llerten mit Udo Lindenberg auf der Rockpalast-B\u00fchne und hatten vor allem jede Menge Spa\u00df.<\/p>\n\n\n\n<p>\u201cDit is doch keen Ska\u201d, meckerten damals die Einen. \u201cDit is doch keen Punk\u201d, monierten die Anderen. \u201cSie setzen sich zwischen die St\u00fchle und landen bequem im Sessel\u201d, stellte die Fachpresse fest.&nbsp;<\/p>\n\n\n\n<p>Die St\u00fchle, das waren vor allem Ska, Punk, Ragga. Aber auch Nu Metal, Hip Hop und Reggae boten Sitzgelegenheiten, gereicht in einer energetischen B\u00fchnenshow rund um die beiden S\u00e4nger.&nbsp;<\/p>\n\n\n\n<p>Seit 2021 wiedervereint sind sie \u00e4lter, erfahrener, anders, aber die Chemie stimmt noch immer. Ska-T haben sich entschlackt und sind frischer den je.<\/p>\n\n\n\n<p><em>\u00a9Ska-T 2024<\/em><\/p>\n\n\n\n<div data-wp-interactive=\"core\/file\" class=\"wp-block-file\"><object data-wp-bind--hidden=\"!state.hasPdfPreview\" hidden class=\"wp-block-file__embed\" data=\"http:\/\/skat-music.com\/wp-content\/uploads\/2025\/03\/Ska-T_Stagerider_2025.pdf\" type=\"application\/pdf\" style=\"width:100%;height:600px\" aria-label=\"Einbettung von Ska-T_Stagerider_2025.\"><\/object><a id=\"wp-block-file--media-ee2f7c77-8398-4eb4-807d-4f6cb3d7ead9\" href=\"http:\/\/skat-music.com\/wp-content\/uploads\/2025\/03\/Ska-T_Stagerider_2025.pdf\">Ska-T_Stagerider_2025<\/a><a href=\"http:\/\/skat-music.com\/wp-content\/uploads\/2025\/03\/Ska-T_Stagerider_2025.pdf\" class=\"wp-block-file__button wp-element-button\" download aria-describedby=\"wp-block-file--media-ee2f7c77-8398-4eb4-807d-4f6cb3d7ead9\">Herunterladen<\/a><\/div>\n\n\n\n<div class=\"wp-block-file\"><a id=\"wp-block-file--media-87a78093-7a64-4ebd-9d19-b31fe4ae4e29\" href=\"http:\/\/skat-music.com\/wp-content\/uploads\/2025\/03\/Ska-T_Press_Kit_2025.zip\">Ska-T_Press_Kit_2025<\/a><a href=\"http:\/\/skat-music.com\/wp-content\/uploads\/2025\/03\/Ska-T_Press_Kit_2025.zip\" class=\"wp-block-file__button wp-element-button\" download aria-describedby=\"wp-block-file--media-87a78093-7a64-4ebd-9d19-b31fe4ae4e29\">Herunterladen<\/a><\/div>\n\n\n\n<figure class=\"wp-block-image size-large\"><img loading=\"lazy\" decoding=\"async\" width=\"1024\" height=\"768\" src=\"http:\/\/skat-music.com\/wp-content\/uploads\/2021\/11\/ska-t-header-1024x768.jpg\" alt=\"Ska-T 2021\" class=\"wp-image-5\" srcset=\"https:\/\/skat-music.com\/wp-content\/uploads\/2021\/11\/ska-t-header-1024x768.jpg 1024w, https:\/\/skat-music.com\/wp-content\/uploads\/2021\/11\/ska-t-header-300x225.jpg 300w, https:\/\/skat-music.com\/wp-content\/uploads\/2021\/11\/ska-t-header-768x576.jpg 768w, https:\/\/skat-music.com\/wp-content\/uploads\/2021\/11\/ska-t-header.jpg 1200w\" sizes=\"auto, (max-width: 1024px) 100vw, 1024px\" \/><figcaption class=\"wp-element-caption\">\u00a9Ska-T 2021<\/figcaption><\/figure>\n","protected":false},"excerpt":{"rendered":"<p>Um die Jahrtausendwende geh\u00f6rten Ska-T zu den bekanntesten und innovativsten Ska-Punk-Bands Deutschlands.&nbsp; Aus dem Harz ging es nach Leipzig, Berlin und Potsdam und in die Welt: Sie spielten zwischen 1997<a href=\"https:\/\/skat-music.com\/?page_id=9\" class=\"more-link\"><span class=\"readmore\">Continue reading<span class=\"screen-reader-text\">INFO<\/span><\/span><\/a><\/p>\n","protected":false},"author":1,"featured_media":0,"parent":0,"menu_order":0,"comment_status":"closed","ping_status":"closed","template":"","meta":{"footnotes":""},"class_list":["post-9","page","type-page","status-publish","hentry"],"_links":{"self":[{"href":"https:\/\/skat-music.com\/index.php?rest_route=\/wp\/v2\/pages\/9","targetHints":{"allow":["GET"]}}],"collection":[{"href":"https:\/\/skat-music.com\/index.php?rest_route=\/wp\/v2\/pages"}],"about":[{"href":"https:\/\/skat-music.com\/index.php?rest_route=\/wp\/v2\/types\/page"}],"author":[{"embeddable":true,"href":"https:\/\/skat-music.com\/index.php?rest_route=\/wp\/v2\/users\/1"}],"replies":[{"embeddable":true,"href":"https:\/\/skat-music.com\/index.php?rest_route=%2Fwp%2Fv2%2Fcomments&post=9"}],"version-history":[{"count":11,"href":"https:\/\/skat-music.com\/index.php?rest_route=\/wp\/v2\/pages\/9\/revisions"}],"predecessor-version":[{"id":280,"href":"https:\/\/skat-music.com\/index.php?rest_route=\/wp\/v2\/pages\/9\/revisions\/280"}],"wp:attachment":[{"href":"https:\/\/skat-music.com\/index.php?rest_route=%2Fwp%2Fv2%2Fmedia&parent=9"}],"curies":[{"name":"wp","href":"https:\/\/api.w.org\/{rel}","templated":true}]}}