{"id":48,"date":"2021-11-10T20:51:52","date_gmt":"2021-11-10T20:51:52","guid":{"rendered":"http:\/\/skat-music.com\/?page_id=48"},"modified":"2023-04-25T08:39:02","modified_gmt":"2023-04-25T08:39:02","slug":"band-2","status":"publish","type":"page","link":"https:\/\/skat-music.com\/?page_id=48","title":{"rendered":"BAND"},"content":{"rendered":"\n<p>Hagen: voc<br>Tille: voc<br>Alex: dr<br>Martin: bg<br>Otto: git<\/p>\n\n\n\n<h2 class=\"wp-block-heading\">4 Fragen an die Band zur Widervereinigung 2020 \u2013 Was haben wir in den letzten 13 Jahren eigentlich so getrieben?<\/h2>\n\n\n\n<h3 class=\"wp-block-heading\">Hagen<\/h3>\n\n\n\n<p><strong>Was lief musikalisch?&nbsp;<\/strong><\/p>\n\n\n\n<p>Musikalisch ist in der Zwischenzeit eine ganze Menge passiert, aber der Kontakt zu den Ska-T Jungs ist nie wirklich abgerissen. Zumindest mit Alex hab ich durchg\u00e4ngig Musik gemacht. Zun\u00e4chst habe ich mit Otto und Alex die Rude Riddim Band gegr\u00fcndet, aus dessen Grundidee dann 2008 in abgespeckter Form&nbsp;<a rel=\"noreferrer noopener\" href=\"https:\/\/www.facebook.com\/illbillyhitecofficial?__tn__=-]K*F\" target=\"_blank\">iLLBiLLY HiTEC<\/a>&nbsp;hervorgegangen ist. Mit diesem Projekt ging es dann richtig los. Touren durch Asien, Mittelamerika und ganz Europa haben einen riesen Spa\u00df gemacht und wir haben eine Menschen, vornehmlich Musiker kennengelernt. Daraus resultierend sind Kollaborationen mit unz\u00e4hligen Produzenten weltweit entstanden. Aber auch in Berlin hab ich die Szene weiterhin aufgemischt und war oder bin bei einigen Projekten, Bands und Crews involviert, darunter Wood In Di Fire, Dub Engineers, Longfingah Meets Hardy Digital, Team Rub A Dub Berlin und die Sub Pressure Band. Au\u00dferdem hab ich zusammen mit dem Bassisten und Produzenten Hardy Digital das Lable&nbsp;&nbsp;<a rel=\"noreferrer noopener\" href=\"https:\/\/www.facebook.com\/profile.php?id=100032359226934&amp;__tn__=-]K*F\" target=\"_blank\">GuerillJah Productions<\/a>ins Leben gerufen.<\/p>\n\n\n\n<p><strong>Warum wieder Ska-T?<\/strong><\/p>\n\n\n\n<p>Warum eigentlich nicht? Ich bin vor allem neugierig und habe Bock das mal wieder auszuprobieren. Die Mischung aus Punk, Ska aber auch Raggamuffin-Elementen finde ich nach wie vor spannend.&nbsp;&nbsp;<\/p>\n\n\n\n<p><strong>Was w\u00fcnscht man sich f\u00fcr Ska-T?<\/strong><\/p>\n\n\n\n<p>Ich w\u00fcnsche mir vor allem gemeinsame Auftritte aber auch gerne neue Songs und Releases. Ich w\u00fcrde gerne wissen, ob die Musik nach 13 Jahren immer noch ein Publikum ziehen kann. Leider killt Corona zur Zeit m\u00e4chtig den Vibe und wir k\u00f6nnen nicht wie gedacht loslegen.&nbsp;&nbsp;<\/p>\n\n\n\n<p><strong>Erinnerung an die Zeit 97-07?&nbsp;<\/strong><\/p>\n\n\n\n<p>Die Zeit hat mich sehr gepr\u00e4gt. Es war immer gro\u00dfartig, der Enge der Kleinstadt zu entfliehen und mit Freunden freizudrehen und Musik zu machen. Seitdem ich damals mit Ska-T durch die Lande gezogen bin, hat mich die Musik bis heute nicht mehr losgelassen und ich habe immer noch gro\u00dfen Spa\u00df daran, auf der B\u00fchne zu stehen.<\/p>\n\n\n\n<h3 class=\"wp-block-heading\">Tille<\/h3>\n\n\n\n<p><strong>Warum wieder Ska-T?<\/strong><\/p>\n\n\n\n<p>Anfang Februar 2020 haben wir uns zu einer Session anl\u00e4sslich Ottos Geburtstag getroffen. Als wir dann NL und All my life gespielt haben, war irgendwie wieder diese Kraft und Energie da wie fr\u00fcher. Ein Gef\u00fchl wie nach Hause kommen. Ich hab mir gedacht: Das sind vier meiner engsten Freunde, mit denen ich einmalige Erlebnisse teile, sch\u00f6n w\u00e4re doch mit den Jungs mal wieder mehr Zeit zu verbringen.&nbsp;&nbsp;<\/p>\n\n\n\n<p><strong>Was lief musikalisch?&nbsp;<\/strong><\/p>\n\n\n\n<p>Nicht viel. Nach 2007 hatte ich mit dem Musikmachen abgeschlossen. Erst 2017\/2018 habe ich dann anfangen mir intensiver Gitarre spielen beizubringen und dann auch irgendwann eigene Songs geschrieben und diese mit GarageBand aufgenommen. Vornehmlich Songs mit deutschen Texten und meist Liebeslieder f\u00fcr meine Frau.&nbsp;<img loading=\"lazy\" decoding=\"async\" height=\"16\" width=\"16\" src=\"https:\/\/static.xx.fbcdn.net\/images\/emoji.php\/v9\/t7c\/2\/16\/263a.png\" alt=\"&#x263a;\">&nbsp;Durch Otto und Martin habe ich dann bei&nbsp;<a href=\"https:\/\/www.facebook.com\/liedermacherliga?__tn__=-]K*F\" target=\"_blank\" rel=\"noreferrer noopener\">Die Liedermacher Liga<\/a>&nbsp;in Potsdam mitgemacht, wodurch das Musikmachen wieder selbstverst\u00e4ndlicher f\u00fcr mich wurde.&nbsp;&nbsp;<\/p>\n\n\n\n<p>Tille als Liedermacher mit&nbsp;<a href=\"https:\/\/www.facebook.com\/OttNGeee?__tn__=-]K*F\" target=\"_blank\" rel=\"noreferrer noopener\">Ott n Geee<\/a>&nbsp;k\u00f6nnt ihr hier anschauen:&nbsp;<a href=\"https:\/\/www.facebook.com\/OttNGeee\/videos\/123561985726945\/?__tn__=-UK*F\" target=\"_blank\" rel=\"noreferrer noopener\">https:\/\/www.facebook.com\/OttNGeee\/videos\/123561985726945<\/a><\/p>\n\n\n\n<p><strong>Was w\u00fcnscht man sich f\u00fcr Ska-T?<\/strong><\/p>\n\n\n\n<p>Ich w\u00fcrde mich freuen, wenn man sich auf jeden Fall Zeit nimmt in das Album Something Right hineinzuh\u00f6ren. Ich hatte es jahrelang nicht geh\u00f6rt und finde, es ist uns damals ein zeitloses, abwechslungsreiches und sehr eigenst\u00e4ndiges Album gelungen. Ich finds ziemlich cool und hoffe, es wird dem einem oder anderen genauso viel Spa\u00df machen.<br>Ansonsten habe ich Lust mit den Jungs ein paar neue Songs aufzunehmen. Da wir alle musikalisch sehr unterschiedlich unterwegs sind, kann das auf dem Ska-Punk-Fundament wieder ganz spannend werden. Ich f\u00fcr meinen Teil h\u00f6re z.B. viel Nick Mulvey, Maxim oder Clueso.&nbsp;&nbsp;<\/p>\n\n\n\n<p><strong>Erinnerung an die Zeit 97-07?&nbsp;<\/strong><\/p>\n\n\n\n<p>Unvergessen ist f\u00fcr mich unser Konzert in einem Vorort von M\u00fcnchen. Das war ein Open-Air in einem Jugendhaus im Jahr 1999. Das Publikum bestand haupts\u00e4chlich aus Punks und Polizisten. Es war aber irgendwie eine Stimmung wie auf einem Familienfest. Bei uns im Backstage sa\u00dfen gut angezogene Herren, als ich die fragte, wer sie sind, stellte sich heraus, dass sie Polizisten in zivil sind. Mit 19 Jahren war das irgendwie irritierend, aber wir haben uns ziemlich gut mit denen unterhalten.&nbsp;&nbsp;<br>Alex war mit seiner Mutter nach M\u00fcnchen gefahren. Er war dann zum Gig mit dem Benz seiner Eltern gekommen. Leider wusste das unser Publikum nicht und zwei Punks hatten sich auf die Motorhaube gelegt und den Stern abgebrochen. Ich wei\u00df nicht, wann ich Alex noch mal so hab fluchen sehen.&nbsp;<br>Als wir ins Bett gehen wollten, mussten wir feststellen, dass ein Paar den Raum f\u00fcr Sex ausgew\u00e4hlt hatte. Wenn man schlafen will, ist das dann nicht so lustig. Wir haben dann bis in den Morgen am Kicker gezockt. Otto und Hagen haben dabei den legend\u00e4ren, imagin\u00e4ren Kickerspieler Harry J\u00e4ger kreiert, der uns seitdem in jeden Backstage begleitet hat. Verarbeitet haben wir das ganze Konzert in dem Song Sex in the backstage.<\/p>\n\n\n\n<h3 class=\"wp-block-heading\">Otto<\/h3>\n\n\n\n<p><strong>Was lief musikalisch?&nbsp;<\/strong><\/p>\n\n\n\n<p>Damals gab es ja noch die Band&nbsp;<a href=\"https:\/\/www.facebook.com\/granerupto?__tn__=-]K*F\" target=\"_blank\" rel=\"noreferrer noopener\">Gran Erupto<\/a>, ebenfalls mit Alex am Schlagzeug. 2007 haben wir ein Album gemacht, aber dann verlief es sich langsam. Die Platte &#8222;Wings and Airholes&#8220; ist \u00fcbrigens richtig gut, wer Gelegenheit hat, sollte sich die mal anh\u00f6ren! Einen Live-Appetithappen gibt es hier:&nbsp;<a rel=\"noreferrer noopener\" href=\"https:\/\/www.youtube.com\/watch?v=xjSqun31fX0&amp;fbclid=IwAR12YRP3_exqRoaJsypuWGTwTXGgKsfEcmV2HkKi-ARO40PQKdysyDKbRyE\" target=\"_blank\">https:\/\/www.youtube.com\/watch?v=xjSqun31fX0<\/a><\/p>\n\n\n\n<p>Ab 2012 hab ich dann endlich in Potsdam musikalisch Fu\u00df gefasst und die Band&nbsp;<a href=\"https:\/\/www.facebook.com\/Bullgine?__tn__=-]K*F\" target=\"_blank\" rel=\"noreferrer noopener\">BULLGINE<\/a>&nbsp;mitbegr\u00fcndet. In den 7 Jahren Post-Rock hab ich einiges gelernt, wie man intelligente Gitarrenmusik komponiert. Zum Abschluss vor einem Jahr haben wir noch eine EP gemacht, die \u00fcbrigens richtig gut ist. H\u00f6rt sie euch mal an:&nbsp;<a rel=\"noreferrer noopener\" href=\"https:\/\/l.facebook.com\/l.php?u=https%3A%2F%2Fopen.spotify.com%2Falbum%2F0C0ejUbvmwsw6BrKP9Pvt6%3Ffbclid%3DIwAR2ZGeBROlwcGcSDEf4Hc_zWTa0f449KVrVk1KSWcHBikXbyboaZFXj-07k&amp;h=AT0Vv5LlxCzcSRZCMgYgbNF6OrM6MRSKybCfJtnNXJ_0bK_2db7Hm4JVnV2ypKRZsqJuPEALK_UueHjj8yLbmDylCIn3CrWJwqg_24NpcEK7VcROPObTRGKLOc6Q2U4EQ0T_jyw&amp;__tn__=-UK*F\" target=\"_blank\">https:\/\/open.spotify.com\/album\/0C0ejUbvmwsw6BrKP9Pvt6<\/a><\/p>\n\n\n\n<p>Schon etwas fr\u00fcher haben Mr Geee und ich im stillen K\u00e4mmerlein beschlossen: Die Songs von Ska-T sind eigentlich zu schade, um sie in der Versenkung versauern zu lassen. Also fingen wir an, unsere eigenen Songs zu Covern, manchmal bekloppt, manchmal ganz gut, aber immer komplett anders. Aus der Quatschformation&nbsp;<a href=\"https:\/\/www.facebook.com\/OttNGeee?__tn__=-]K*F\" target=\"_blank\" rel=\"noreferrer noopener\">Ott n Geee<\/a>&nbsp;entwickelte sich dann ein veritables und ber\u00fcchtigtes Singer-Songwriter-Duo, mit neuen Songs und mit Kleinkunstpreisen \u00fcbersch\u00fcttet. Soll hei\u00dfen, wir haben vier Mal die &#8222;Goldene Pulle&#8220; bei&nbsp;<a href=\"https:\/\/www.facebook.com\/liedermacherliga?__tn__=-]K*F\" target=\"_blank\" rel=\"noreferrer noopener\">Die Liedermacher Liga<\/a>&nbsp;gewonnen. Als Liedermacher sind wir eigentlich ziemlich gut &#8211; ohne Weltschmerz, daf\u00fcr mit Meisenpiep und selbstgebauten Instrumenten. Momentan basteln wir noch an unserer ersten CD. Die wird gut, h\u00f6rt&#8217;s euch an! Einen Eindruck gibt es hier:&nbsp;<a rel=\"noreferrer noopener\" href=\"https:\/\/l.facebook.com\/l.php?u=https%3A%2F%2Fwww.youtube.com%2Fwatch%3Fv%3DKKJMfvElvn8%26fbclid%3DIwAR2xMg0PAuON1ggPgrNv2OY8Dlpy6s7Ouj_p6wKLUp2ZhMSZyJScg_pSGDw&amp;h=AT2Avi--rWKWUGOHKcpheMcG5rVAtgax3ROor1Rk-c8LTacAnrszuL-WrIdtSznYLYgw1r1JSSf_Jfc5GsFN5SZ1Wy4h5O3fGCb0UhFwquFRbIaEYCIEALaoQZK0UbH40ykkxoc&amp;__tn__=-UK*F\" target=\"_blank\">https:\/\/www.youtube.com\/watch?v=KKJMfvElvn8<\/a><\/p>\n\n\n\n<p><strong>Warum wieder Ska-T?<\/strong><\/p>\n\n\n\n<p>Die Jungs von Ska-T waren immer irgendwie da, wenn man sich auch nur selten getroffen hat. Den Reiz, nochmal zusammen was zu machen, hatte ich eigentlich immer. Und jetzt haben wir es endlich mal probiert. Es war nat\u00fcrlich auch mit Bangen verbunden: Klappt das nach 13 Jahren Pause \u00fcberhaupt noch, 13 Jahre, in denen jeder sein eigenes Gericht gekocht hat? Aber tats\u00e4chlich, die Chemie ist noch da, in den 10 Jahren damals haben wir uns gemeinsam musikalisch gro\u00dfgezogen, das bleibt offenbar haften. Sch\u00f6ner Nebeneffekt: Endlich bin ich mal wieder der J\u00fcngste.<\/p>\n\n\n\n<p><strong>Was w\u00fcnscht man sich f\u00fcr Ska-T?<\/strong><\/p>\n\n\n\n<p>Wenn wir es schaffen, die Musik auf Vordermann zu bringen und ein paar gute Konzerte spielen, bin ich schon gl\u00fccklich. Wenn wir dazu noch neue Songs schaffen und die Band ins Hier und Jetzt hieven k\u00f6nnen, um so besser. Und wenn sich dann vielleicht irgendwann noch mein Traum vom eigenen Vinyl erf\u00fcllen k\u00f6nnte, w\u00e4r&#8217;s grandios.<\/p>\n\n\n\n<p><strong>Erinnerung an die Zeit 97-07?&nbsp;<\/strong><\/p>\n\n\n\n<p>Zu viele, um Einzelne zu picken. Irgendwann machen Mr Geee und ich mal unseren Plan wahr und machen eine Chronik in Buchform, in der alles festgehalten wird: Von Matschkonzerten auf R\u00fcben\u00e4ckern, Gigs in allen Bundesl\u00e4ndern, &#8222;Imagine&#8220; tr\u00e4llern mit Udo Lindenberg, \u00fcberall herzliche, begeisterungsf\u00e4hige, skurrile, beknackte, manchmal auch langweilige und \u00fcberhaupt jedwede Art von Menschen zu treffen, jedes AJZ im Osten bespielt zu haben, endlosen Autobahnfahrten, Fl\u00f6hen, Zivibullen, etc. Eben von allem, was man in 10 Jahren so erleben kann.&nbsp;<\/p>\n\n\n\n<h3 class=\"wp-block-heading\">Martin<\/h3>\n\n\n\n<p><strong>Was lief musikalisch?&nbsp;<\/strong><\/p>\n\n\n\n<p>Eine ganze Weile war nichts weiter angesagt als Einschlaflieder, Kinderlieder und n\u00e4chtliches Rumgesumme, um sp\u00e4ter einzuschlafen als der Rest der Familie.&nbsp;<br>Erst als ich mich nach Potsdam in das Revier von Otto begab, wurde wieder musiziert. Wir gr\u00fcndeten das Liedermacher-Duo&nbsp;<a href=\"https:\/\/www.facebook.com\/OttNGeee?__tn__=-]K*F\" target=\"_blank\" rel=\"noreferrer noopener\">Ott n Geee<\/a> und begannen, erst Ska-T zu covern und dann eigenes Material zu schreiben. Nach vielen fr\u00f6hlichen Teilnahmen an der Potsdamer&nbsp;<a href=\"https:\/\/www.facebook.com\/liedermacherliga?__tn__=-]K*F\" target=\"_blank\" rel=\"noreferrer noopener\">Die Liedermacher Liga<\/a>&nbsp;haben wir es in diesem Herbst endlich geschafft eine eigene CD zu produzieren: Ott\u2019n\u2019Geee \u201erichten an\u201c.&nbsp;<\/p>\n\n\n\n<p><strong>Wo steht man beruflich?&nbsp;<\/strong><\/p>\n\n\n\n<p>Zwischen den Nachtschlafphasen arbeite ich in einer Jugendbildungsanstalt in Potsdam.<\/p>\n\n\n\n<p><strong>Warum wieder Ska-T?<\/strong><\/p>\n\n\n\n<p>Es gab nie eine wirkliche Frage nach dem Warum. Die Frage war eigentlich nur: Wann?<\/p>\n\n\n\n<p><strong>Was w\u00fcnscht man sich f\u00fcr Ska-T?<\/strong><\/p>\n\n\n\n<p>Seit wir wieder zusammen spielen, merken wir, dass es einen neuen Drive gibt, der anders als vor 15 Jahren nach vorne geht. Es macht wieder Spa\u00df zusammen die Saiten zu qu\u00e4len. Warum also nicht wieder ein paar Konzerte. Vielleicht entwickeln sich sogar wieder ein paar neue Hits. Toll w\u00e4ren ein paar sch\u00f6ne Festivals.&nbsp;<\/p>\n\n\n\n<p><strong>Erinnerung an die Zeit 97-07?&nbsp;<\/strong><\/p>\n\n\n\n<p>Die Zeit hat mich sehr gepr\u00e4gt. Es war immer gro\u00dfartig, der Enge der Kleinstadt zu entfliehen, mit Freunden freizudrehen und Musik zu machen. Seitdem ich damals mit Ska-T durch die Lande gezogen bin, hat mich die Musik bis heute nicht mehr losgelassen und ich habe immer noch gro\u00dfen Spa\u00df daran, auf der B\u00fchne zu stehen.<\/p>\n\n\n\n<h3 class=\"wp-block-heading\">Alex<\/h3>\n\n\n\n<p>tba.<\/p>\n","protected":false},"excerpt":{"rendered":"<p>Hagen: vocTille: vocAlex: drMartin: bgOtto: git 4 Fragen an die Band zur Widervereinigung 2020 \u2013 Was haben wir in den letzten 13 Jahren eigentlich so getrieben? Hagen Was lief musikalisch?&nbsp;<a href=\"https:\/\/skat-music.com\/?page_id=48\" class=\"more-link\"><span class=\"readmore\">Continue reading<span class=\"screen-reader-text\">BAND<\/span><\/span><\/a><\/p>\n","protected":false},"author":1,"featured_media":0,"parent":0,"menu_order":0,"comment_status":"closed","ping_status":"closed","template":"","meta":{"footnotes":""},"class_list":["post-48","page","type-page","status-publish","hentry"],"_links":{"self":[{"href":"https:\/\/skat-music.com\/index.php?rest_route=\/wp\/v2\/pages\/48","targetHints":{"allow":["GET"]}}],"collection":[{"href":"https:\/\/skat-music.com\/index.php?rest_route=\/wp\/v2\/pages"}],"about":[{"href":"https:\/\/skat-music.com\/index.php?rest_route=\/wp\/v2\/types\/page"}],"author":[{"embeddable":true,"href":"https:\/\/skat-music.com\/index.php?rest_route=\/wp\/v2\/users\/1"}],"replies":[{"embeddable":true,"href":"https:\/\/skat-music.com\/index.php?rest_route=%2Fwp%2Fv2%2Fcomments&post=48"}],"version-history":[{"count":4,"href":"https:\/\/skat-music.com\/index.php?rest_route=\/wp\/v2\/pages\/48\/revisions"}],"predecessor-version":[{"id":160,"href":"https:\/\/skat-music.com\/index.php?rest_route=\/wp\/v2\/pages\/48\/revisions\/160"}],"wp:attachment":[{"href":"https:\/\/skat-music.com\/index.php?rest_route=%2Fwp%2Fv2%2Fmedia&parent=48"}],"curies":[{"name":"wp","href":"https:\/\/api.w.org\/{rel}","templated":true}]}}